{"id":12,"date":"2024-06-21T10:02:08","date_gmt":"2024-06-21T08:02:08","guid":{"rendered":"https:\/\/auxsourcesdelacoise.com\/?page_id=12"},"modified":"2025-12-24T17:32:27","modified_gmt":"2025-12-24T16:32:27","slug":"notre-ferme-bio","status":"publish","type":"page","link":"https:\/\/auxsourcesdelacoise.com\/?page_id=12","title":{"rendered":"Nos animaux"},"content":{"rendered":"\n<div class=\"wp-block-columns is-layout-flex wp-container-core-columns-is-layout-28f84493 wp-block-columns-is-layout-flex\">\n<div class=\"wp-block-column is-layout-flow wp-block-column-is-layout-flow\" style=\"flex-basis:65%\">\n<p>De la naissance jusqu\u2019\u00e0 leur mort, nos animaux grandissent <strong>\u00e0 leur rythme<\/strong>, qu\u2019ils soient destin\u00e9s \u00e0 la production laiti\u00e8re ou de viande.<\/p>\n\n\n\n<p>D\u00e8s que le temps le permet, ils p\u00e2turent nos x hectares de prairies multi-esp\u00e8ces. Leur nourriture est compl\u00e9t\u00e9e avec des c\u00e9r\u00e9ales, dont <strong><mark style=\"background-color:rgba(0, 0, 0, 0)\" class=\"has-inline-color has-black-color\">75% est produite directement sur la ferme.<\/mark><\/strong><\/p>\n\n\n\n<p>Les cochons, quand a eux ont un acc\u00e8s permanent \u00e0 l\u2019ext\u00e9rieur, o\u00f9 ils fouissent, siestent et gambadent malgr\u00e9 les al\u00e9as de la m\u00e9t\u00e9o.<\/p>\n<\/div>\n\n\n\n<div class=\"wp-block-column is-layout-flow wp-block-column-is-layout-flow\">\n<figure class=\"wp-block-image size-full\"><img loading=\"lazy\" decoding=\"async\" width=\"500\" height=\"500\" src=\"https:\/\/auxsourcesdelacoise.com\/wp-content\/uploads\/2024\/06\/Nouveau-projet.png\" alt=\"\" class=\"wp-image-236\" srcset=\"https:\/\/auxsourcesdelacoise.com\/wp-content\/uploads\/2024\/06\/Nouveau-projet.png 500w, https:\/\/auxsourcesdelacoise.com\/wp-content\/uploads\/2024\/06\/Nouveau-projet-100x100.png 100w, https:\/\/auxsourcesdelacoise.com\/wp-content\/uploads\/2024\/06\/Nouveau-projet-300x300.png 300w, https:\/\/auxsourcesdelacoise.com\/wp-content\/uploads\/2024\/06\/Nouveau-projet-150x150.png 150w\" sizes=\"auto, (max-width: 500px) 100vw, 500px\" \/><\/figure>\n<\/div>\n<\/div>\n\n\n\n<blockquote class=\"wp-block-quote custom-highlight is-style-plain has-raft-accent-secondary-background-color has-background is-layout-flow wp-container-core-quote-is-layout-b16f1017 wp-block-quote-is-layout-flow\" style=\"border-top-left-radius:20px;border-top-right-radius:20px;border-bottom-left-radius:20px;border-bottom-right-radius:20px;padding-top:var(--wp--preset--spacing--40);padding-right:var(--wp--preset--spacing--40);padding-bottom:var(--wp--preset--spacing--40);padding-left:var(--wp--preset--spacing--40)\">\n<h3 class=\"wp-block-heading has-white-color has-text-color has-link-color wp-elements-60ea9786451a536b8da0ababe895e0f4\" style=\"padding-top:0;padding-bottom:0\">Des animaux en bonne sant\u00e9 !<\/h3>\n\n\n\n<p class=\"has-white-color has-text-color has-link-color has-normal-font-size wp-elements-fa3cbf60f4570a88ce072f44241f7884\">L\u2019observation attentive des animaux est primordiale pour d\u00e9tecter rapidement un \u00e9ventuel probl\u00e8me, et ainsi soigner le plus naturellement possible, notamment gr\u00e2ce aux <strong>plantes et huiles essentielles<\/strong>.<\/p>\n<\/blockquote>\n\n\n\n<figure class=\"wp-block-gallery has-nested-images columns-4 is-cropped wp-block-gallery-1 is-layout-flex wp-block-gallery-is-layout-flex\">\n<figure class=\"wp-block-image size-large has-custom-border\"><img decoding=\"async\" data-id=\"80\" src=\"https:\/\/auxsourcesdelacoise.com\/wp-content\/uploads\/2024\/06\/IMG_20200223_153153_1-768x1024.jpg\" alt=\"\" class=\"wp-image-80\" style=\"border-top-left-radius:20px;border-top-right-radius:20px;border-bottom-left-radius:20px;border-bottom-right-radius:20px\"\/><\/figure>\n\n\n\n<figure class=\"wp-block-image size-large has-custom-border\"><img loading=\"lazy\" decoding=\"async\" width=\"1024\" height=\"485\" data-id=\"96\" src=\"https:\/\/auxsourcesdelacoise.com\/wp-content\/uploads\/2024\/06\/IMG_20210711_202453-1024x485.jpg\" alt=\"\" class=\"wp-image-96\" style=\"border-top-left-radius:20px;border-top-right-radius:20px;border-bottom-left-radius:20px;border-bottom-right-radius:20px\" srcset=\"https:\/\/auxsourcesdelacoise.com\/wp-content\/uploads\/2024\/06\/IMG_20210711_202453-1024x485.jpg 1024w, https:\/\/auxsourcesdelacoise.com\/wp-content\/uploads\/2024\/06\/IMG_20210711_202453-scaled-600x284.jpg 600w, https:\/\/auxsourcesdelacoise.com\/wp-content\/uploads\/2024\/06\/IMG_20210711_202453-300x142.jpg 300w, https:\/\/auxsourcesdelacoise.com\/wp-content\/uploads\/2024\/06\/IMG_20210711_202453-768x363.jpg 768w, https:\/\/auxsourcesdelacoise.com\/wp-content\/uploads\/2024\/06\/IMG_20210711_202453-1536x727.jpg 1536w, https:\/\/auxsourcesdelacoise.com\/wp-content\/uploads\/2024\/06\/IMG_20210711_202453-2048x969.jpg 2048w\" sizes=\"auto, (max-width: 1024px) 100vw, 1024px\" \/><\/figure>\n\n\n\n<figure class=\"wp-block-image size-large has-custom-border\"><img loading=\"lazy\" decoding=\"async\" width=\"1024\" height=\"768\" data-id=\"93\" src=\"https:\/\/auxsourcesdelacoise.com\/wp-content\/uploads\/2024\/06\/IMG_20190401_082015-1-1024x768.jpg\" alt=\"\" class=\"wp-image-93\" style=\"border-top-left-radius:20px;border-top-right-radius:20px;border-bottom-left-radius:20px;border-bottom-right-radius:20px\" srcset=\"https:\/\/auxsourcesdelacoise.com\/wp-content\/uploads\/2024\/06\/IMG_20190401_082015-1-1024x768.jpg 1024w, https:\/\/auxsourcesdelacoise.com\/wp-content\/uploads\/2024\/06\/IMG_20190401_082015-1-300x225.jpg 300w, https:\/\/auxsourcesdelacoise.com\/wp-content\/uploads\/2024\/06\/IMG_20190401_082015-1-scaled-600x450.jpg 600w, https:\/\/auxsourcesdelacoise.com\/wp-content\/uploads\/2024\/06\/IMG_20190401_082015-1-768x576.jpg 768w, https:\/\/auxsourcesdelacoise.com\/wp-content\/uploads\/2024\/06\/IMG_20190401_082015-1-1536x1152.jpg 1536w, https:\/\/auxsourcesdelacoise.com\/wp-content\/uploads\/2024\/06\/IMG_20190401_082015-1-2048x1536.jpg 2048w\" sizes=\"auto, (max-width: 1024px) 100vw, 1024px\" \/><\/figure>\n\n\n\n<figure class=\"wp-block-image size-large has-custom-border\"><img loading=\"lazy\" decoding=\"async\" width=\"680\" height=\"1024\" data-id=\"89\" src=\"https:\/\/auxsourcesdelacoise.com\/wp-content\/uploads\/2024\/06\/DSC_7402-680x1024.jpg\" alt=\"\" class=\"wp-image-89\" style=\"border-top-left-radius:20px;border-top-right-radius:20px;border-bottom-left-radius:20px;border-bottom-right-radius:20px\" srcset=\"https:\/\/auxsourcesdelacoise.com\/wp-content\/uploads\/2024\/06\/DSC_7402-680x1024.jpg 680w, https:\/\/auxsourcesdelacoise.com\/wp-content\/uploads\/2024\/06\/DSC_7402-scaled-600x904.jpg 600w, https:\/\/auxsourcesdelacoise.com\/wp-content\/uploads\/2024\/06\/DSC_7402-199x300.jpg 199w, https:\/\/auxsourcesdelacoise.com\/wp-content\/uploads\/2024\/06\/DSC_7402-768x1156.jpg 768w, https:\/\/auxsourcesdelacoise.com\/wp-content\/uploads\/2024\/06\/DSC_7402-1020x1536.jpg 1020w, https:\/\/auxsourcesdelacoise.com\/wp-content\/uploads\/2024\/06\/DSC_7402-1360x2048.jpg 1360w, https:\/\/auxsourcesdelacoise.com\/wp-content\/uploads\/2024\/06\/DSC_7402-scaled.jpg 1700w\" sizes=\"auto, (max-width: 680px) 100vw, 680px\" \/><\/figure>\n\n\n\n<figure class=\"wp-block-image size-large has-custom-border is-style-default\"><img loading=\"lazy\" decoding=\"async\" width=\"1024\" height=\"768\" data-id=\"90\" src=\"https:\/\/auxsourcesdelacoise.com\/wp-content\/uploads\/2024\/06\/IMG_20190826_173252-1-1024x768.jpg\" alt=\"\" class=\"wp-image-90\" style=\"border-top-left-radius:20px;border-top-right-radius:20px;border-bottom-left-radius:20px;border-bottom-right-radius:20px\" srcset=\"https:\/\/auxsourcesdelacoise.com\/wp-content\/uploads\/2024\/06\/IMG_20190826_173252-1-1024x768.jpg 1024w, https:\/\/auxsourcesdelacoise.com\/wp-content\/uploads\/2024\/06\/IMG_20190826_173252-1-300x225.jpg 300w, https:\/\/auxsourcesdelacoise.com\/wp-content\/uploads\/2024\/06\/IMG_20190826_173252-1-scaled-600x450.jpg 600w, https:\/\/auxsourcesdelacoise.com\/wp-content\/uploads\/2024\/06\/IMG_20190826_173252-1-768x576.jpg 768w, https:\/\/auxsourcesdelacoise.com\/wp-content\/uploads\/2024\/06\/IMG_20190826_173252-1-1536x1152.jpg 1536w, https:\/\/auxsourcesdelacoise.com\/wp-content\/uploads\/2024\/06\/IMG_20190826_173252-1-2048x1536.jpg 2048w\" sizes=\"auto, (max-width: 1024px) 100vw, 1024px\" \/><\/figure>\n\n\n\n<figure class=\"wp-block-image size-large has-custom-border\"><img loading=\"lazy\" decoding=\"async\" width=\"1024\" height=\"485\" data-id=\"92\" src=\"https:\/\/auxsourcesdelacoise.com\/wp-content\/uploads\/2024\/06\/IMG_20210917_151227_1-1-1024x485.jpg\" alt=\"\" class=\"wp-image-92\" style=\"border-top-left-radius:20px;border-top-right-radius:20px;border-bottom-left-radius:20px;border-bottom-right-radius:20px\" srcset=\"https:\/\/auxsourcesdelacoise.com\/wp-content\/uploads\/2024\/06\/IMG_20210917_151227_1-1-1024x485.jpg 1024w, https:\/\/auxsourcesdelacoise.com\/wp-content\/uploads\/2024\/06\/IMG_20210917_151227_1-1-scaled-600x284.jpg 600w, https:\/\/auxsourcesdelacoise.com\/wp-content\/uploads\/2024\/06\/IMG_20210917_151227_1-1-300x142.jpg 300w, https:\/\/auxsourcesdelacoise.com\/wp-content\/uploads\/2024\/06\/IMG_20210917_151227_1-1-768x363.jpg 768w, https:\/\/auxsourcesdelacoise.com\/wp-content\/uploads\/2024\/06\/IMG_20210917_151227_1-1-1536x727.jpg 1536w, https:\/\/auxsourcesdelacoise.com\/wp-content\/uploads\/2024\/06\/IMG_20210917_151227_1-1-2048x969.jpg 2048w\" sizes=\"auto, (max-width: 1024px) 100vw, 1024px\" \/><\/figure>\n\n\n\n<figure class=\"wp-block-image size-large has-custom-border\"><img loading=\"lazy\" decoding=\"async\" width=\"1024\" height=\"768\" data-id=\"91\" src=\"https:\/\/auxsourcesdelacoise.com\/wp-content\/uploads\/2024\/06\/IMG_20190603_090151-1-1024x768.jpg\" alt=\"\" class=\"wp-image-91\" style=\"border-top-left-radius:20px;border-top-right-radius:20px;border-bottom-left-radius:20px;border-bottom-right-radius:20px\" srcset=\"https:\/\/auxsourcesdelacoise.com\/wp-content\/uploads\/2024\/06\/IMG_20190603_090151-1-1024x768.jpg 1024w, https:\/\/auxsourcesdelacoise.com\/wp-content\/uploads\/2024\/06\/IMG_20190603_090151-1-300x225.jpg 300w, https:\/\/auxsourcesdelacoise.com\/wp-content\/uploads\/2024\/06\/IMG_20190603_090151-1-scaled-600x450.jpg 600w, https:\/\/auxsourcesdelacoise.com\/wp-content\/uploads\/2024\/06\/IMG_20190603_090151-1-768x576.jpg 768w, https:\/\/auxsourcesdelacoise.com\/wp-content\/uploads\/2024\/06\/IMG_20190603_090151-1-1536x1152.jpg 1536w, https:\/\/auxsourcesdelacoise.com\/wp-content\/uploads\/2024\/06\/IMG_20190603_090151-1-2048x1536.jpg 2048w\" sizes=\"auto, (max-width: 1024px) 100vw, 1024px\" \/><\/figure>\n<\/figure>\n","protected":false},"excerpt":{"rendered":"<p>De la naissance jusqu\u2019\u00e0 leur mort, nos animaux grandissent \u00e0 leur rythme, qu\u2019ils soient destin\u00e9s \u00e0 la production laiti\u00e8re ou de viande. D\u00e8s que le temps le permet, ils p\u00e2turent nos x hectares de prairies multi-esp\u00e8ces. Leur nourriture est compl\u00e9t\u00e9e avec des c\u00e9r\u00e9ales, dont 75% est produite directement sur la ferme. Les cochons, quand a [&hellip;]<\/p>\n","protected":false},"author":1,"featured_media":0,"parent":0,"menu_order":0,"comment_status":"closed","ping_status":"closed","template":"","meta":{"footnotes":""},"class_list":["post-12","page","type-page","status-publish","hentry"],"_links":{"self":[{"href":"https:\/\/auxsourcesdelacoise.com\/index.php?rest_route=\/wp\/v2\/pages\/12","targetHints":{"allow":["GET"]}}],"collection":[{"href":"https:\/\/auxsourcesdelacoise.com\/index.php?rest_route=\/wp\/v2\/pages"}],"about":[{"href":"https:\/\/auxsourcesdelacoise.com\/index.php?rest_route=\/wp\/v2\/types\/page"}],"author":[{"embeddable":true,"href":"https:\/\/auxsourcesdelacoise.com\/index.php?rest_route=\/wp\/v2\/users\/1"}],"replies":[{"embeddable":true,"href":"https:\/\/auxsourcesdelacoise.com\/index.php?rest_route=%2Fwp%2Fv2%2Fcomments&post=12"}],"version-history":[{"count":29,"href":"https:\/\/auxsourcesdelacoise.com\/index.php?rest_route=\/wp\/v2\/pages\/12\/revisions"}],"predecessor-version":[{"id":734,"href":"https:\/\/auxsourcesdelacoise.com\/index.php?rest_route=\/wp\/v2\/pages\/12\/revisions\/734"}],"wp:attachment":[{"href":"https:\/\/auxsourcesdelacoise.com\/index.php?rest_route=%2Fwp%2Fv2%2Fmedia&parent=12"}],"curies":[{"name":"wp","href":"https:\/\/api.w.org\/{rel}","templated":true}]}}