{"id":14,"date":"2024-06-21T10:03:16","date_gmt":"2024-06-21T08:03:16","guid":{"rendered":"https:\/\/auxsourcesdelacoise.com\/?page_id=14"},"modified":"2025-12-24T21:44:19","modified_gmt":"2025-12-24T20:44:19","slug":"nos-produits","status":"publish","type":"page","link":"https:\/\/auxsourcesdelacoise.com\/?page_id=14","title":{"rendered":"Nos produits"},"content":{"rendered":"\n<div class=\"wp-block-columns is-layout-flex wp-container-core-columns-is-layout-28f84493 wp-block-columns-is-layout-flex\">\n<div class=\"wp-block-column is-layout-flow wp-block-column-is-layout-flow\">\n<div class=\"wp-block-group is-layout-constrained wp-block-group-is-layout-constrained\">\n<h2 class=\"wp-block-heading has-black-color has-text-color has-link-color wp-elements-bab83a946ccee899582943345311a012\">Nos fromages<\/h2>\n\n\n\n<p>Nous transformons le lait produit a la ferme dans la fromagerie de 150m\u00b2.<\/p>\n\n\n\n<p>Nous cr\u00e9ons r\u00e9guli\u00e8rement de nouveaux fromages, au lait de <strong><mark style=\"background-color:rgba(0, 0, 0, 0);color:#5ea052\" class=\"has-inline-color\">vache <\/mark><\/strong>ou de <strong><mark style=\"background-color:rgba(0, 0, 0, 0);color:#3a83ad\" class=\"has-inline-color\">ch\u00e8vre<\/mark><\/strong>, selon nos envies du moment, et en utilisant diverses techniques: p\u00e2tes press\u00e9es cuites, non cuites, molles, persill\u00e9es, lav\u00e9es, lactiques, pr\u00e9sures&#8230;<\/p>\n<\/div>\n<\/div>\n\n\n\n<div class=\"wp-block-column is-layout-flow wp-block-column-is-layout-flow\">\n<div class=\"wp-block-group is-content-justification-left is-nowrap is-layout-flex wp-container-core-group-is-layout-fc9f69e7 wp-block-group-is-layout-flex\">\n<figure class=\"wp-block-image size-full has-custom-border\"><img loading=\"lazy\" decoding=\"async\" width=\"751\" height=\"500\" src=\"https:\/\/auxsourcesdelacoise.com\/wp-content\/uploads\/2024\/06\/fromages.png\" alt=\"\" class=\"wp-image-182\" style=\"border-top-left-radius:20px;border-top-right-radius:20px;border-bottom-left-radius:20px;border-bottom-right-radius:20px;object-fit:cover\" srcset=\"https:\/\/auxsourcesdelacoise.com\/wp-content\/uploads\/2024\/06\/fromages.png 751w, https:\/\/auxsourcesdelacoise.com\/wp-content\/uploads\/2024\/06\/fromages-600x399.png 600w, https:\/\/auxsourcesdelacoise.com\/wp-content\/uploads\/2024\/06\/fromages-300x200.png 300w\" sizes=\"auto, (max-width: 751px) 100vw, 751px\" \/><\/figure>\n<\/div>\n<\/div>\n<\/div>\n\n\n\n<div style=\"height:30px\" aria-hidden=\"true\" class=\"wp-block-spacer\"><\/div>\n\n\n\n<figure class=\"wp-block-gallery has-nested-images columns-6 is-cropped wp-block-gallery-1 is-layout-flex wp-block-gallery-is-layout-flex\">\n<figure class=\"wp-block-image size-large has-custom-border\"><img loading=\"lazy\" decoding=\"async\" width=\"399\" height=\"400\" data-id=\"207\" src=\"https:\/\/auxsourcesdelacoise.com\/wp-content\/uploads\/2024\/06\/from2-1.png\" alt=\"\" class=\"wp-image-207\" style=\"border-top-left-radius:20px;border-top-right-radius:20px;border-bottom-left-radius:20px;border-bottom-right-radius:20px\" srcset=\"https:\/\/auxsourcesdelacoise.com\/wp-content\/uploads\/2024\/06\/from2-1.png 399w, https:\/\/auxsourcesdelacoise.com\/wp-content\/uploads\/2024\/06\/from2-1-100x100.png 100w, https:\/\/auxsourcesdelacoise.com\/wp-content\/uploads\/2024\/06\/from2-1-300x300.png 300w, https:\/\/auxsourcesdelacoise.com\/wp-content\/uploads\/2024\/06\/from2-1-150x150.png 150w\" sizes=\"auto, (max-width: 399px) 100vw, 399px\" \/><\/figure>\n\n\n\n<figure class=\"wp-block-image size-large has-custom-border\"><img loading=\"lazy\" decoding=\"async\" width=\"269\" height=\"400\" data-id=\"204\" src=\"https:\/\/auxsourcesdelacoise.com\/wp-content\/uploads\/2024\/06\/from4.png\" alt=\"\" class=\"wp-image-204\" style=\"border-top-left-radius:20px;border-top-right-radius:20px;border-bottom-left-radius:20px;border-bottom-right-radius:20px\" srcset=\"https:\/\/auxsourcesdelacoise.com\/wp-content\/uploads\/2024\/06\/from4.png 269w, https:\/\/auxsourcesdelacoise.com\/wp-content\/uploads\/2024\/06\/from4-202x300.png 202w\" sizes=\"auto, (max-width: 269px) 100vw, 269px\" \/><\/figure>\n\n\n\n<figure class=\"wp-block-image size-large has-custom-border\"><img loading=\"lazy\" decoding=\"async\" width=\"533\" height=\"400\" data-id=\"205\" src=\"https:\/\/auxsourcesdelacoise.com\/wp-content\/uploads\/2024\/06\/from3-1.png\" alt=\"\" class=\"wp-image-205\" style=\"border-top-left-radius:20px;border-top-right-radius:20px;border-bottom-left-radius:20px;border-bottom-right-radius:20px\" srcset=\"https:\/\/auxsourcesdelacoise.com\/wp-content\/uploads\/2024\/06\/from3-1.png 533w, https:\/\/auxsourcesdelacoise.com\/wp-content\/uploads\/2024\/06\/from3-1-300x225.png 300w\" sizes=\"auto, (max-width: 533px) 100vw, 533px\" \/><\/figure>\n\n\n\n<figure class=\"wp-block-image size-large has-custom-border\"><img loading=\"lazy\" decoding=\"async\" width=\"587\" height=\"400\" data-id=\"212\" src=\"https:\/\/auxsourcesdelacoise.com\/wp-content\/uploads\/2024\/06\/from5.png\" alt=\"\" class=\"wp-image-212\" style=\"border-top-left-radius:20px;border-top-right-radius:20px;border-bottom-left-radius:20px;border-bottom-right-radius:20px\" srcset=\"https:\/\/auxsourcesdelacoise.com\/wp-content\/uploads\/2024\/06\/from5.png 587w, https:\/\/auxsourcesdelacoise.com\/wp-content\/uploads\/2024\/06\/from5-300x204.png 300w\" sizes=\"auto, (max-width: 587px) 100vw, 587px\" \/><\/figure>\n\n\n\n<figure class=\"wp-block-image size-full has-custom-border\"><img loading=\"lazy\" decoding=\"async\" width=\"375\" height=\"500\" data-id=\"183\" src=\"https:\/\/auxsourcesdelacoise.com\/wp-content\/uploads\/2024\/06\/jolijolis.png\" alt=\"\" class=\"wp-image-183\" style=\"border-top-left-radius:20px;border-top-right-radius:20px;border-bottom-left-radius:20px;border-bottom-right-radius:20px;object-fit:cover\" srcset=\"https:\/\/auxsourcesdelacoise.com\/wp-content\/uploads\/2024\/06\/jolijolis.png 375w, https:\/\/auxsourcesdelacoise.com\/wp-content\/uploads\/2024\/06\/jolijolis-225x300.png 225w\" sizes=\"auto, (max-width: 375px) 100vw, 375px\" \/><\/figure>\n\n\n\n<figure class=\"wp-block-image size-large has-custom-border is-style-default\"><img loading=\"lazy\" decoding=\"async\" width=\"317\" height=\"400\" data-id=\"206\" src=\"https:\/\/auxsourcesdelacoise.com\/wp-content\/uploads\/2024\/06\/from1-1.png\" alt=\"\" class=\"wp-image-206\" style=\"border-top-left-radius:20px;border-top-right-radius:20px;border-bottom-left-radius:20px;border-bottom-right-radius:20px\" srcset=\"https:\/\/auxsourcesdelacoise.com\/wp-content\/uploads\/2024\/06\/from1-1.png 317w, https:\/\/auxsourcesdelacoise.com\/wp-content\/uploads\/2024\/06\/from1-1-238x300.png 238w\" sizes=\"auto, (max-width: 317px) 100vw, 317px\" \/><\/figure>\n<\/figure>\n\n\n\n<div class=\"wp-block-columns custom-highlight-section has-background is-layout-flex wp-container-core-columns-is-layout-28f84493 wp-block-columns-is-layout-flex\" style=\"border-top-left-radius:20px;border-top-right-radius:20px;border-bottom-left-radius:20px;border-bottom-right-radius:20px;background-color:#8a42253b\">\n<div class=\"wp-block-column is-layout-flow wp-block-column-is-layout-flow\">\n<h2 class=\"wp-block-heading has-text-color has-link-color wp-elements-c5ee03925cca6260ce94fd41f1fcb894\" style=\"color:#8a4125\">Nos viandes<\/h2>\n\n\n\n<p>A 15mn de chez nous, dans un atelier collectif de transformation carn\u00e9e, nous d\u00e9coupons et transformons la viande de nos animaux. <\/p>\n\n\n\n<p>Nous faisons nous m\u00eame le d\u00e9coupage, mise sous vide, \u00e9tiquetage de la viande fraiche, et transformation en saucisses, terrines, et autres charcuteries s\u00e8ches (saucisson, jambon, bacon, coppa, jambon cuit&#8230;).<\/p>\n\n\n\n<p>Une fois par an, nous cuisinons nos viandes en recettes originales que nous st\u00e9rilisons \u00e0 St Consorce, aux petits plats de Denis.<\/p>\n\n\n\n<figure class=\"wp-block-gallery has-nested-images columns-default is-cropped wp-block-gallery-2 is-layout-flex wp-block-gallery-is-layout-flex\">\n<figure class=\"wp-block-image size-full has-custom-border\"><img loading=\"lazy\" decoding=\"async\" width=\"300\" height=\"400\" data-id=\"209\" src=\"https:\/\/auxsourcesdelacoise.com\/wp-content\/uploads\/2024\/06\/terrine.png\" alt=\"\" class=\"wp-image-209\" style=\"border-top-left-radius:20px;border-top-right-radius:20px;border-bottom-left-radius:20px;border-bottom-right-radius:20px;aspect-ratio:3\/4\" srcset=\"https:\/\/auxsourcesdelacoise.com\/wp-content\/uploads\/2024\/06\/terrine.png 300w, https:\/\/auxsourcesdelacoise.com\/wp-content\/uploads\/2024\/06\/terrine-225x300.png 225w\" sizes=\"auto, (max-width: 300px) 100vw, 300px\" \/><\/figure>\n\n\n\n<figure class=\"wp-block-image size-full has-custom-border\"><img loading=\"lazy\" decoding=\"async\" width=\"300\" height=\"400\" data-id=\"210\" src=\"https:\/\/auxsourcesdelacoise.com\/wp-content\/uploads\/2024\/06\/viande.png\" alt=\"\" class=\"wp-image-210\" style=\"border-top-left-radius:20px;border-top-right-radius:20px;border-bottom-left-radius:20px;border-bottom-right-radius:20px;aspect-ratio:3\/4\" srcset=\"https:\/\/auxsourcesdelacoise.com\/wp-content\/uploads\/2024\/06\/viande.png 300w, https:\/\/auxsourcesdelacoise.com\/wp-content\/uploads\/2024\/06\/viande-225x300.png 225w\" sizes=\"auto, (max-width: 300px) 100vw, 300px\" \/><\/figure>\n\n\n\n<figure class=\"wp-block-image size-full has-custom-border\"><img loading=\"lazy\" decoding=\"async\" width=\"300\" height=\"400\" data-id=\"216\" src=\"https:\/\/auxsourcesdelacoise.com\/wp-content\/uploads\/2024\/06\/viande2.png\" alt=\"\" class=\"wp-image-216\" style=\"border-top-left-radius:20px;border-top-right-radius:20px;border-bottom-left-radius:20px;border-bottom-right-radius:20px;aspect-ratio:3\/4\" srcset=\"https:\/\/auxsourcesdelacoise.com\/wp-content\/uploads\/2024\/06\/viande2.png 300w, https:\/\/auxsourcesdelacoise.com\/wp-content\/uploads\/2024\/06\/viande2-225x300.png 225w\" sizes=\"auto, (max-width: 300px) 100vw, 300px\" \/><\/figure>\n<\/figure>\n<\/div>\n<\/div>\n\n\n\n<p><\/p>\n","protected":false},"excerpt":{"rendered":"<p>Nos fromages Nous transformons le lait produit a la ferme dans la fromagerie de 150m\u00b2. Nous cr\u00e9ons r\u00e9guli\u00e8rement de nouveaux fromages, au lait de vache ou de ch\u00e8vre, selon nos envies du moment, et en utilisant diverses techniques: p\u00e2tes press\u00e9es cuites, non cuites, molles, persill\u00e9es, lav\u00e9es, lactiques, pr\u00e9sures&#8230; Nos viandes A 15mn de chez nous, [&hellip;]<\/p>\n","protected":false},"author":1,"featured_media":0,"parent":0,"menu_order":0,"comment_status":"closed","ping_status":"closed","template":"","meta":{"footnotes":""},"class_list":["post-14","page","type-page","status-publish","hentry"],"_links":{"self":[{"href":"https:\/\/auxsourcesdelacoise.com\/index.php?rest_route=\/wp\/v2\/pages\/14","targetHints":{"allow":["GET"]}}],"collection":[{"href":"https:\/\/auxsourcesdelacoise.com\/index.php?rest_route=\/wp\/v2\/pages"}],"about":[{"href":"https:\/\/auxsourcesdelacoise.com\/index.php?rest_route=\/wp\/v2\/types\/page"}],"author":[{"embeddable":true,"href":"https:\/\/auxsourcesdelacoise.com\/index.php?rest_route=\/wp\/v2\/users\/1"}],"replies":[{"embeddable":true,"href":"https:\/\/auxsourcesdelacoise.com\/index.php?rest_route=%2Fwp%2Fv2%2Fcomments&post=14"}],"version-history":[{"count":26,"href":"https:\/\/auxsourcesdelacoise.com\/index.php?rest_route=\/wp\/v2\/pages\/14\/revisions"}],"predecessor-version":[{"id":767,"href":"https:\/\/auxsourcesdelacoise.com\/index.php?rest_route=\/wp\/v2\/pages\/14\/revisions\/767"}],"wp:attachment":[{"href":"https:\/\/auxsourcesdelacoise.com\/index.php?rest_route=%2Fwp%2Fv2%2Fmedia&parent=14"}],"curies":[{"name":"wp","href":"https:\/\/api.w.org\/{rel}","templated":true}]}}