{"id":21,"date":"2024-06-21T10:15:31","date_gmt":"2024-06-21T08:15:31","guid":{"rendered":"https:\/\/auxsourcesdelacoise.com\/?page_id=21"},"modified":"2024-11-08T18:51:51","modified_gmt":"2024-11-08T17:51:51","slug":"passer-commande","status":"publish","type":"page","link":"https:\/\/auxsourcesdelacoise.com\/?page_id=21","title":{"rendered":"Passer commande"},"content":{"rendered":"<div class=\"wpforms-container wpforms-container-full wpforms-block wpforms-block-d577fe80-b183-4f5e-a711-2ec09074f2cc wpforms-render-modern\" id=\"wpforms-245\"><form id=\"wpforms-form-245\" class=\"wpforms-validate wpforms-form wpforms-ajax-form\" data-formid=\"245\" method=\"post\" enctype=\"multipart\/form-data\" action=\"\/index.php?rest_route=%2Fwp%2Fv2%2Fpages%2F21\" data-token=\"5ed6862bfac7efc6caa31f423980a156\" data-token-time=\"1776280696\"><noscript class=\"wpforms-error-noscript\">Veuillez activer JavaScript dans votre navigateur pour remplir ce formulaire.<\/noscript><div id=\"wpforms-error-noscript\" style=\"display: none;\">Veuillez activer JavaScript dans votre navigateur pour remplir ce formulaire.<\/div><div class=\"wpforms-field-container\"><div id=\"wpforms-245-field_0-container\" class=\"wpforms-field wpforms-field-name\" data-field-id=\"0\"><label class=\"wpforms-field-label\" for=\"wpforms-245-field_0\">Nom <span class=\"wpforms-required-label\" aria-hidden=\"true\">*<\/span><\/label><input type=\"text\" id=\"wpforms-245-field_0\" class=\"wpforms-field-medium wpforms-field-required\" name=\"wpforms[fields][0]\" aria-errormessage=\"wpforms-245-field_0-error\" required><\/div><div id=\"wpforms-245-field_4-container\" class=\"wpforms-field wpforms-field-text\" data-field-id=\"4\"><label class=\"wpforms-field-label\" for=\"wpforms-245-field_4\">T\u00e9l\u00e9phone <span class=\"wpforms-required-label\" aria-hidden=\"true\">*<\/span><\/label><input type=\"text\" id=\"wpforms-245-field_4\" class=\"wpforms-field-medium wpforms-field-required\" name=\"wpforms[fields][4]\" aria-errormessage=\"wpforms-245-field_4-error\" required><\/div><div id=\"wpforms-245-field_3-container\" class=\"wpforms-field wpforms-field-radio\" data-field-id=\"3\"><fieldset><legend class=\"wpforms-field-label\">Point de livraison <span class=\"wpforms-required-label\" aria-hidden=\"true\">*<\/span><\/legend><ul id=\"wpforms-245-field_3\" class=\"wpforms-field-required\"><li class=\"choice-1 depth-1\"><input type=\"radio\" id=\"wpforms-245-field_3_1\" name=\"wpforms[fields][3]\" value=\"Saint-Genis-Laval: march\u00e9 bio du centre - mercredi matin de 08h \u00e0 12h30\" aria-errormessage=\"wpforms-245-field_3_1-error\" required ><label class=\"wpforms-field-label-inline\" for=\"wpforms-245-field_3_1\">Saint-Genis-Laval: march\u00e9 bio du centre &#8211; mercredi matin de 08h \u00e0 12h30<\/label><\/li><li class=\"choice-2 depth-1\"><input type=\"radio\" id=\"wpforms-245-field_3_2\" name=\"wpforms[fields][3]\" value=\"Lyon 8\u00e8me: march\u00e9 bio place Ambroise Courtois - mercredi apr\u00e8s-midi de 14h \u00e0 19h30\" aria-errormessage=\"wpforms-245-field_3_2-error\" required ><label class=\"wpforms-field-label-inline\" for=\"wpforms-245-field_3_2\">Lyon 8\u00e8me: march\u00e9 bio place Ambroise Courtois &#8211; mercredi apr\u00e8s-midi de 14h \u00e0 19h30<\/label><\/li><li class=\"choice-3 depth-1\"><input type=\"radio\" id=\"wpforms-245-field_3_3\" name=\"wpforms[fields][3]\" value=\"Saint-\u00c9tienne: march\u00e9 de la place Albert Thomas - samedi matin de 6h \u00e0 13h\" aria-errormessage=\"wpforms-245-field_3_3-error\" required ><label class=\"wpforms-field-label-inline\" for=\"wpforms-245-field_3_3\">Saint-\u00c9tienne: march\u00e9 de la place Albert Thomas &#8211; samedi matin de 6h \u00e0 13h<\/label><\/li><\/ul><\/fieldset><\/div><div id=\"wpforms-245-field_2-container\" class=\"wpforms-field wpforms-field-textarea\" data-field-id=\"2\"><label class=\"wpforms-field-label\" for=\"wpforms-245-field_2\">Votre commande <span class=\"wpforms-required-label\" aria-hidden=\"true\">*<\/span><\/label><textarea id=\"wpforms-245-field_2\" class=\"wpforms-field-medium wpforms-field-required\" name=\"wpforms[fields][2]\" aria-errormessage=\"wpforms-245-field_2-error\" required><\/textarea><\/div><\/div><!-- .wpforms-field-container --><div class=\"wpforms-submit-container\" ><input type=\"hidden\" name=\"wpforms[id]\" value=\"245\"><input type=\"hidden\" name=\"page_title\" value=\"\"><input type=\"hidden\" name=\"page_url\" value=\"https:\/\/auxsourcesdelacoise.com\/index.php?rest_route=\/wp\/v2\/pages\/21\"><input type=\"hidden\" name=\"url_referer\" value=\"\"><button type=\"submit\" name=\"wpforms[submit]\" id=\"wpforms-submit-245\" class=\"wpforms-submit\" data-alt-text=\"Envoi...\" data-submit-text=\"Envoyer\" aria-live=\"assertive\" value=\"wpforms-submit\">Envoyer<\/button><img loading=\"lazy\" decoding=\"async\" src=\"https:\/\/auxsourcesdelacoise.com\/wp-content\/plugins\/wpforms-lite\/assets\/images\/submit-spin.svg\" class=\"wpforms-submit-spinner\" style=\"display: none;\" width=\"26\" height=\"26\" alt=\"Chargement en cours\"><\/div><\/form><\/div>  <!-- .wpforms-container -->","protected":false},"excerpt":{"rendered":"","protected":false},"author":1,"featured_media":0,"parent":0,"menu_order":0,"comment_status":"closed","ping_status":"closed","template":"","meta":{"footnotes":""},"class_list":["post-21","page","type-page","status-publish","hentry"],"_links":{"self":[{"href":"https:\/\/auxsourcesdelacoise.com\/index.php?rest_route=\/wp\/v2\/pages\/21","targetHints":{"allow":["GET"]}}],"collection":[{"href":"https:\/\/auxsourcesdelacoise.com\/index.php?rest_route=\/wp\/v2\/pages"}],"about":[{"href":"https:\/\/auxsourcesdelacoise.com\/index.php?rest_route=\/wp\/v2\/types\/page"}],"author":[{"embeddable":true,"href":"https:\/\/auxsourcesdelacoise.com\/index.php?rest_route=\/wp\/v2\/users\/1"}],"replies":[{"embeddable":true,"href":"https:\/\/auxsourcesdelacoise.com\/index.php?rest_route=%2Fwp%2Fv2%2Fcomments&post=21"}],"version-history":[{"count":2,"href":"https:\/\/auxsourcesdelacoise.com\/index.php?rest_route=\/wp\/v2\/pages\/21\/revisions"}],"predecessor-version":[{"id":266,"href":"https:\/\/auxsourcesdelacoise.com\/index.php?rest_route=\/wp\/v2\/pages\/21\/revisions\/266"}],"wp:attachment":[{"href":"https:\/\/auxsourcesdelacoise.com\/index.php?rest_route=%2Fwp%2Fv2%2Fmedia&parent=21"}],"curies":[{"name":"wp","href":"https:\/\/api.w.org\/{rel}","templated":true}]}}