{"id":25,"date":"2024-06-21T10:16:56","date_gmt":"2024-06-21T08:16:56","guid":{"rendered":"https:\/\/auxsourcesdelacoise.com\/?page_id=25"},"modified":"2024-06-24T11:23:21","modified_gmt":"2024-06-24T09:23:21","slug":"contact","status":"publish","type":"page","link":"https:\/\/auxsourcesdelacoise.com\/?page_id=25","title":{"rendered":"Nous contacter"},"content":{"rendered":"\n<div class=\"wp-block-columns is-layout-flex wp-container-core-columns-is-layout-28f84493 wp-block-columns-is-layout-flex\">\n<div class=\"wp-block-column is-layout-flow wp-block-column-is-layout-flow\" style=\"flex-basis:10%\"><\/div>\n\n\n\n<div class=\"wp-block-column is-layout-flow wp-block-column-is-layout-flow\">\n<h3 class=\"wp-block-heading\">Aux sources de la Coise<\/h3>\n\n\n\n<p>Pierre et Sophie DUCHAMP<br>3640 route de Lafay<br>69580 Larajasse<\/p>\n\n\n\n<h3 class=\"wp-block-heading\">Par t\u00e9l\u00e9phone<\/h3>\n\n\n\n<p><span id=\"eeb-957353-327067\"><\/span><script type=\"text\/javascript\">(function() {var ml=\"7038%692\",mi=\"1547120471204716647113\",o=\"\";for(var j=0,l=mi.length;j<l;j++) {o+=ml.charAt(mi.charCodeAt(j)-48);}document.getElementById(\"eeb-957353-327067\").innerHTML = decodeURIComponent(o);}());<\/script><noscript>*protected email*<\/noscript><br><em>(N&rsquo;h\u00e9sitez pas \u00e0 laisser un SMS ou un message vocal)<\/em><\/p>\n\n\n\n<h3 class=\"wp-block-heading\">Par email<\/h3>\n\n\n\n<span id=\"eeb-136920-790835\"><\/span><script type=\"text\/javascript\">(function() {var ml=\"%20s3etkhcDa4oAEFru.dC-ilfxmn\",mi=\"04E;0128A5I04:011K;GH6=04>9=L6;960<2;BJ3=BA953D5H;9=G35C9=K0110120129H;3304:011K;GHFHGL701104?9=L6;960<2;BJ3=BA953D5H;9=G35C9=K04E01@;04?\",o=\"\";for(var j=0,l=mi.length;j<l;j++) {o+=ml.charAt(mi.charCodeAt(j)-48);}document.getElementById(\"eeb-136920-790835\").innerHTML = decodeURIComponent(o);}());<\/script><noscript>*protected email*<\/noscript>\n<\/div>\n\n\n\n<div class=\"wp-block-column is-layout-flow wp-block-column-is-layout-flow\">\n<iframe src=\"https:\/\/www.google.com\/maps\/embed?pb=!1m18!1m12!1m3!1d7960.26980083341!2d4.47607990127291!3d45.598273670813136!2m3!1f0!2f0!3f0!3m2!1i1024!2i768!4f13.1!3m3!1m2!1s0x47f457045230e943%3A0x54de547d38924fb2!2sFerme%20Aux%20sources%20de%20la%20Coise!5e0!3m2!1sfr!2sfr!4v1719219122163!5m2!1sfr!2sfr\" width=\"600\" height=\"450\" style=\"border:0;\" allowfullscreen=\"\" loading=\"lazy\" referrerpolicy=\"no-referrer-when-downgrade\"><\/iframe>\n<\/div>\n<\/div>\n","protected":false},"excerpt":{"rendered":"<p>Aux sources de la Coise Pierre et Sophie DUCHAMP3640 route de Lafay69580 Larajasse Par t\u00e9l\u00e9phone (N&rsquo;h\u00e9sitez pas \u00e0 laisser un SMS ou un message vocal) Par email<\/p>\n","protected":false},"author":1,"featured_media":0,"parent":0,"menu_order":0,"comment_status":"closed","ping_status":"closed","template":"","meta":{"footnotes":""},"class_list":["post-25","page","type-page","status-publish","hentry"],"_links":{"self":[{"href":"https:\/\/auxsourcesdelacoise.com\/index.php?rest_route=\/wp\/v2\/pages\/25","targetHints":{"allow":["GET"]}}],"collection":[{"href":"https:\/\/auxsourcesdelacoise.com\/index.php?rest_route=\/wp\/v2\/pages"}],"about":[{"href":"https:\/\/auxsourcesdelacoise.com\/index.php?rest_route=\/wp\/v2\/types\/page"}],"author":[{"embeddable":true,"href":"https:\/\/auxsourcesdelacoise.com\/index.php?rest_route=\/wp\/v2\/users\/1"}],"replies":[{"embeddable":true,"href":"https:\/\/auxsourcesdelacoise.com\/index.php?rest_route=%2Fwp%2Fv2%2Fcomments&post=25"}],"version-history":[{"count":8,"href":"https:\/\/auxsourcesdelacoise.com\/index.php?rest_route=\/wp\/v2\/pages\/25\/revisions"}],"predecessor-version":[{"id":180,"href":"https:\/\/auxsourcesdelacoise.com\/index.php?rest_route=\/wp\/v2\/pages\/25\/revisions\/180"}],"wp:attachment":[{"href":"https:\/\/auxsourcesdelacoise.com\/index.php?rest_route=%2Fwp%2Fv2%2Fmedia&parent=25"}],"curies":[{"name":"wp","href":"https:\/\/api.w.org\/{rel}","templated":true}]}}