{"id":98,"date":"2024-06-23T16:04:05","date_gmt":"2024-06-23T14:04:05","guid":{"rendered":"https:\/\/auxsourcesdelacoise.com\/?page_id=98"},"modified":"2025-12-24T17:37:41","modified_gmt":"2025-12-24T16:37:41","slug":"travail-du-sol","status":"publish","type":"page","link":"https:\/\/auxsourcesdelacoise.com\/?page_id=98","title":{"rendered":"Travail du sol"},"content":{"rendered":"\n<div class=\"wp-block-columns is-layout-flex wp-container-core-columns-is-layout-28f84493 wp-block-columns-is-layout-flex\">\n<div class=\"wp-block-column is-layout-flow wp-block-column-is-layout-flow\" style=\"flex-basis:50%\">\n<figure class=\"wp-block-image size-large has-custom-border\"><img loading=\"lazy\" decoding=\"async\" width=\"1024\" height=\"768\" src=\"https:\/\/auxsourcesdelacoise.com\/wp-content\/uploads\/2024\/06\/IMG_20190602_171114-1024x768.jpg\" alt=\"\" class=\"wp-image-100\" style=\"border-top-left-radius:20px;border-top-right-radius:20px;border-bottom-left-radius:20px;border-bottom-right-radius:20px\" srcset=\"https:\/\/auxsourcesdelacoise.com\/wp-content\/uploads\/2024\/06\/IMG_20190602_171114-1024x768.jpg 1024w, https:\/\/auxsourcesdelacoise.com\/wp-content\/uploads\/2024\/06\/IMG_20190602_171114-300x225.jpg 300w, https:\/\/auxsourcesdelacoise.com\/wp-content\/uploads\/2024\/06\/IMG_20190602_171114-scaled-600x450.jpg 600w, https:\/\/auxsourcesdelacoise.com\/wp-content\/uploads\/2024\/06\/IMG_20190602_171114-768x576.jpg 768w, https:\/\/auxsourcesdelacoise.com\/wp-content\/uploads\/2024\/06\/IMG_20190602_171114-1536x1152.jpg 1536w, https:\/\/auxsourcesdelacoise.com\/wp-content\/uploads\/2024\/06\/IMG_20190602_171114-2048x1536.jpg 2048w\" sizes=\"auto, (max-width: 1024px) 100vw, 1024px\" \/><\/figure>\n<\/div>\n\n\n\n<div class=\"wp-block-column is-layout-flow wp-block-column-is-layout-flow\" style=\"flex-basis:60%\">\n<p>Nous limitons le travail du sol le plus possible afin de <strong>favoriser la vie du sol.<\/strong> Ainsi, les prairies sont sem\u00e9es sous couvert de c\u00e9r\u00e9ales et sont implant\u00e9es tous les 5 ans.<\/p>\n\n\n\n<p>Les semis de c\u00e9r\u00e9ales se font sur un sol l\u00e9g\u00e8rement travaill\u00e9 m\u00e9caniquement, afin de limiter la repousse des l\u00e9gumineuses pr\u00e9c\u00e9demment implant\u00e9es. <\/p>\n\n\n\n<p>Les foins sont r\u00e9alis\u00e9s 3 fois dans l\u2019ann\u00e9e, en mai, juillet et octobre. Les moissons se font g\u00e9n\u00e9ralement fin juillet, et les semis sont lanc\u00e9s fin octobre.<\/p>\n<\/div>\n<\/div>\n\n\n\n<blockquote class=\"wp-block-quote custom-highlight is-style-plain has-raft-bg-inv-background-color has-background is-layout-flow wp-container-core-quote-is-layout-b16f1017 wp-block-quote-is-layout-flow\" style=\"border-top-left-radius:20px;border-top-right-radius:20px;border-bottom-left-radius:20px;border-bottom-right-radius:20px;padding-top:var(--wp--preset--spacing--40);padding-right:var(--wp--preset--spacing--40);padding-bottom:var(--wp--preset--spacing--40);padding-left:var(--wp--preset--spacing--40)\">\n<h3 class=\"wp-block-heading has-white-color has-text-color has-link-color wp-elements-0813cdcb62170d8edc4db346214f2dca\" style=\"padding-top:0;padding-bottom:0\">R\u00e9duction des d\u00e9chets<\/h3>\n\n\n\n<p class=\"has-white-color has-text-color has-link-color has-normal-font-size wp-elements-0ccaf83e77cc00e9ffb03d623f9726fe\">Sur la ferme nous essayons au maximum de limiter et trier les d\u00e9chets. Pour cela nous utilisons des contenants en verre consign\u00e9s, des tissus lavables, et appliquons le tri s\u00e9lectif (verre, filets, b\u00e2ches\u2026)<br>Nous avons install\u00e9 des panneaux solaires sur la stabule, et nous envoyons les eaux issues de la fabrication des fromages et des tables de moulage directement aux cochons !<\/p>\n<\/blockquote>\n\n\n\n<div class=\"wp-block-columns custom-highlight-section has-background is-layout-flex wp-container-core-columns-is-layout-28f84493 wp-block-columns-is-layout-flex\" style=\"border-top-left-radius:20px;border-top-right-radius:20px;border-bottom-left-radius:20px;border-bottom-right-radius:20px;background-color:#d8f0ff\">\n<div class=\"wp-block-column is-layout-flow wp-block-column-is-layout-flow\" style=\"flex-basis:40%\">\n<h2 class=\"wp-block-heading\">Haies &amp; Biodiversit\u00e9<\/h2>\n\n\n\n<p>Depuis notre installation, nos avons int\u00e9gr\u00e9 un programme de plantation de haies. Nous avons replant\u00e9 l\u2019\u00e9quivalent de 2km de haies, soit pr\u00e8s de 3500 scions de diff\u00e9rentes essences (fruitiers, haut-jets, arbustes\u2026).<\/p>\n\n\n\n<p>L\u2019objectif de ces arbres est multiple: accueillir la biodiversit\u00e9, retenir les sols, nourrir et ombrager les animaux, prot\u00e9ger du vent, et aussi pour le plaisir des yeux !<\/p>\n<\/div>\n\n\n\n<div class=\"wp-block-column is-layout-flow wp-block-column-is-layout-flow\">\n<div class=\"wp-block-group is-vertical is-nowrap is-layout-flex wp-container-core-group-is-layout-6fe931d8 wp-block-group-is-layout-flex\">\n<figure class=\"wp-block-image size-full has-custom-border\"><img loading=\"lazy\" decoding=\"async\" width=\"533\" height=\"400\" src=\"https:\/\/auxsourcesdelacoise.com\/wp-content\/uploads\/2024\/06\/chantier-haies.png\" alt=\"\" class=\"wp-image-229\" style=\"border-top-left-radius:20px;border-top-right-radius:20px;border-bottom-left-radius:20px;border-bottom-right-radius:20px;object-fit:cover\" srcset=\"https:\/\/auxsourcesdelacoise.com\/wp-content\/uploads\/2024\/06\/chantier-haies.png 533w, https:\/\/auxsourcesdelacoise.com\/wp-content\/uploads\/2024\/06\/chantier-haies-300x225.png 300w\" sizes=\"auto, (max-width: 533px) 100vw, 533px\" \/><\/figure>\n<\/div>\n<\/div>\n<\/div>\n\n\n\n<figure class=\"wp-block-gallery has-nested-images columns-default is-cropped wp-block-gallery-1 is-layout-flex wp-block-gallery-is-layout-flex\">\n<figure class=\"wp-block-image size-large has-custom-border\"><img loading=\"lazy\" decoding=\"async\" width=\"599\" height=\"400\" data-id=\"228\" src=\"https:\/\/auxsourcesdelacoise.com\/wp-content\/uploads\/2024\/06\/chevres_haie.png\" alt=\"\" class=\"wp-image-228\" style=\"border-top-left-radius:20px;border-top-right-radius:20px;border-bottom-left-radius:20px;border-bottom-right-radius:20px\" srcset=\"https:\/\/auxsourcesdelacoise.com\/wp-content\/uploads\/2024\/06\/chevres_haie.png 599w, https:\/\/auxsourcesdelacoise.com\/wp-content\/uploads\/2024\/06\/chevres_haie-300x200.png 300w\" sizes=\"auto, (max-width: 599px) 100vw, 599px\" \/><\/figure>\n\n\n\n<figure class=\"wp-block-image size-large has-custom-border\"><img loading=\"lazy\" decoding=\"async\" width=\"1024\" height=\"768\" data-id=\"105\" src=\"https:\/\/auxsourcesdelacoise.com\/wp-content\/uploads\/2024\/06\/20220205_153500-1024x768.jpg\" alt=\"\" class=\"wp-image-105\" style=\"border-top-left-radius:20px;border-top-right-radius:20px;border-bottom-left-radius:20px;border-bottom-right-radius:20px\" srcset=\"https:\/\/auxsourcesdelacoise.com\/wp-content\/uploads\/2024\/06\/20220205_153500-1024x768.jpg 1024w, https:\/\/auxsourcesdelacoise.com\/wp-content\/uploads\/2024\/06\/20220205_153500-300x225.jpg 300w, https:\/\/auxsourcesdelacoise.com\/wp-content\/uploads\/2024\/06\/20220205_153500-scaled-600x450.jpg 600w, https:\/\/auxsourcesdelacoise.com\/wp-content\/uploads\/2024\/06\/20220205_153500-768x576.jpg 768w, https:\/\/auxsourcesdelacoise.com\/wp-content\/uploads\/2024\/06\/20220205_153500-1536x1152.jpg 1536w, https:\/\/auxsourcesdelacoise.com\/wp-content\/uploads\/2024\/06\/20220205_153500-2048x1536.jpg 2048w\" sizes=\"auto, (max-width: 1024px) 100vw, 1024px\" \/><\/figure>\n\n\n\n<figure class=\"wp-block-image size-large has-custom-border\"><img loading=\"lazy\" decoding=\"async\" width=\"1024\" height=\"768\" data-id=\"106\" src=\"https:\/\/auxsourcesdelacoise.com\/wp-content\/uploads\/2024\/06\/IMG_20190602_171336-1-1024x768.jpg\" alt=\"\" class=\"wp-image-106\" style=\"border-top-left-radius:20px;border-top-right-radius:20px;border-bottom-left-radius:20px;border-bottom-right-radius:20px\" srcset=\"https:\/\/auxsourcesdelacoise.com\/wp-content\/uploads\/2024\/06\/IMG_20190602_171336-1-1024x768.jpg 1024w, https:\/\/auxsourcesdelacoise.com\/wp-content\/uploads\/2024\/06\/IMG_20190602_171336-1-300x225.jpg 300w, https:\/\/auxsourcesdelacoise.com\/wp-content\/uploads\/2024\/06\/IMG_20190602_171336-1-scaled-600x450.jpg 600w, https:\/\/auxsourcesdelacoise.com\/wp-content\/uploads\/2024\/06\/IMG_20190602_171336-1-768x576.jpg 768w, https:\/\/auxsourcesdelacoise.com\/wp-content\/uploads\/2024\/06\/IMG_20190602_171336-1-1536x1152.jpg 1536w, https:\/\/auxsourcesdelacoise.com\/wp-content\/uploads\/2024\/06\/IMG_20190602_171336-1-2048x1536.jpg 2048w\" sizes=\"auto, (max-width: 1024px) 100vw, 1024px\" \/><\/figure>\n<\/figure>\n","protected":false},"excerpt":{"rendered":"<p>Nous limitons le travail du sol le plus possible afin de favoriser la vie du sol. Ainsi, les prairies sont sem\u00e9es sous couvert de c\u00e9r\u00e9ales et sont implant\u00e9es tous les 5 ans. Les semis de c\u00e9r\u00e9ales se font sur un sol l\u00e9g\u00e8rement travaill\u00e9 m\u00e9caniquement, afin de limiter la repousse des l\u00e9gumineuses pr\u00e9c\u00e9demment implant\u00e9es. Les foins [&hellip;]<\/p>\n","protected":false},"author":1,"featured_media":0,"parent":0,"menu_order":0,"comment_status":"closed","ping_status":"closed","template":"","meta":{"footnotes":""},"class_list":["post-98","page","type-page","status-publish","hentry"],"_links":{"self":[{"href":"https:\/\/auxsourcesdelacoise.com\/index.php?rest_route=\/wp\/v2\/pages\/98","targetHints":{"allow":["GET"]}}],"collection":[{"href":"https:\/\/auxsourcesdelacoise.com\/index.php?rest_route=\/wp\/v2\/pages"}],"about":[{"href":"https:\/\/auxsourcesdelacoise.com\/index.php?rest_route=\/wp\/v2\/types\/page"}],"author":[{"embeddable":true,"href":"https:\/\/auxsourcesdelacoise.com\/index.php?rest_route=\/wp\/v2\/users\/1"}],"replies":[{"embeddable":true,"href":"https:\/\/auxsourcesdelacoise.com\/index.php?rest_route=%2Fwp%2Fv2%2Fcomments&post=98"}],"version-history":[{"count":19,"href":"https:\/\/auxsourcesdelacoise.com\/index.php?rest_route=\/wp\/v2\/pages\/98\/revisions"}],"predecessor-version":[{"id":737,"href":"https:\/\/auxsourcesdelacoise.com\/index.php?rest_route=\/wp\/v2\/pages\/98\/revisions\/737"}],"wp:attachment":[{"href":"https:\/\/auxsourcesdelacoise.com\/index.php?rest_route=%2Fwp%2Fv2%2Fmedia&parent=98"}],"curies":[{"name":"wp","href":"https:\/\/api.w.org\/{rel}","templated":true}]}}